{"id":1256,"date":"2016-09-21T11:15:44","date_gmt":"2016-09-21T11:15:44","guid":{"rendered":"https:\/\/famfara.com.pl\/?page_id=1256"},"modified":"2020-07-08T12:01:22","modified_gmt":"2020-07-08T12:01:22","slug":"showrooms","status":"publish","type":"page","link":"https:\/\/famfara.com.pl\/en\/showrooms\/","title":{"rendered":"showrooms"},"content":{"rendered":"\t\t<div data-elementor-type=\"wp-page\" data-elementor-id=\"1256\" class=\"elementor elementor-1256 elementor-7 elementor-bc-flex-widget\" data-elementor-settings=\"[]\">\n\t\t\t\t\t\t<div class=\"elementor-inner\">\n\t\t\t\t\t\t\t<div class=\"elementor-section-wrap\">\n\t\t\t\t\t\t\t<section class=\"elementor-section elementor-top-section elementor-element elementor-element-65myhe0 elementor-section-boxed elementor-section-height-default elementor-section-height-default\" data-id=\"65myhe0\" data-element_type=\"section\">\n\t\t\t\t\t\t<div class=\"elementor-container elementor-column-gap-default\">\n\t\t\t\t\t\t\t<div class=\"elementor-row\">\n\t\t\t\t\t<div class=\"elementor-column elementor-col-66 elementor-top-column elementor-element elementor-element-qn0i6kk\" data-id=\"qn0i6kk\" data-element_type=\"column\">\n\t\t\t<div class=\"elementor-column-wrap elementor-element-populated\">\n\t\t\t\t\t\t\t<div class=\"elementor-widget-wrap\">\n\t\t\t\t\t\t<div class=\"elementor-element elementor-element-0qipqah elementor-widget elementor-widget-shortcode\" data-id=\"0qipqah\" data-element_type=\"widget\" data-widget_type=\"shortcode.default\">\n\t\t\t\t<div class=\"elementor-widget-container\">\n\t\t\t\t\t<div class=\"elementor-shortcode\"><style type=\"text\/css\" id=\"gmpMapStyles_2_30203\">\r\n\t#google_map_easy_2_30203 {\r\n        width: 100%;\r\n        height: 450px;\r\n\t\t\t\t\t\t    }\r\n\t#gmapControlsNum_2_30203 {\r\n\t\twidth:100%\t}\r\n\t.gmpMapDetailsContainer#gmpMapDetailsContainer_2_30203 {\r\n\t\theight:450px;\r\n\t}\r\n\t.gmp_MapPreview#google_map_easy_2_30203 {\r\n\t\t\/*position:absolute;*\/\r\n\t\twidth: 100%;\r\n\t}\r\n\t#mapConElem_2_30203{\r\n\t\twidth: 100%\t}\r\n    .gm-style .gm-style-iw-c{\r\n        padding: 12px!important;\r\n    }\r\n\t    <\/style>\r\n <div class=\"gmp_map_opts\" id=\"mapConElem_2_30203\" data-id=\"2\" data-view-id=\"2_30203\" > <div class=\"gmpMapDetailsContainer\" id=\"gmpMapDetailsContainer_2_30203\"> <i class=\"gmpKMLLayersPreloader fa fa-spinner fa-spin\" aria-hidden=\"true\" style=\"display: none;\"><\/i> <div class=\"gmp_MapPreview \" id=\"google_map_easy_2_30203\"><\/div> <\/div> <div class=\"gmpMapMarkerFilters\" id=\"gmpMapMarkerFilters_2_30203\"> <\/div> <div class=\"gmpMapProControlsCon\" id=\"gmpMapProControlsCon_2_30203\"> <a title=\"Google Map Plugin\" style=\"display:none;\" href=\"https:\/\/supsystic.com\/plugins\/google-maps-plugin\/?utm_medium=love_link_hide\" target=\"_blank\">Google Map Plugin<\/a><div style=\"clear: both;\"><\/div> <\/div> <div class=\"gmpMapProDirectionsCon\" id=\"gmpMapProDirectionsCon_2_30203\" > <\/div> <div class=\"gmpMapProKmlFilterCon\" id=\"gmpMapProKmlFilterCon_2_30203\" > <\/div> <div class=\"gmpSocialSharingShell gmpSocialSharingShell_2_30203\"> <\/div> <div style=\"clear: both;\"><\/div> <\/div> <\/div>\n\t\t\t\t<\/div>\n\t\t\t\t<\/div>\n\t\t\t\t\t\t<\/div>\n\t\t\t\t\t<\/div>\n\t\t<\/div>\n\t\t\t\t<div class=\"elementor-column elementor-col-33 elementor-top-column elementor-element elementor-element-b9vo1o4\" data-id=\"b9vo1o4\" data-element_type=\"column\">\n\t\t\t<div class=\"elementor-column-wrap elementor-element-populated\">\n\t\t\t\t\t\t\t<div class=\"elementor-widget-wrap\">\n\t\t\t\t\t\t<div class=\"elementor-element elementor-element-7ogj0i8 elementor-widget elementor-widget-text-editor\" data-id=\"7ogj0i8\" data-element_type=\"widget\" data-widget_type=\"text-editor.default\">\n\t\t\t\t<div class=\"elementor-widget-container\">\n\t\t\t\t\t\t\t\t<div class=\"elementor-text-editor elementor-clearfix\">\n\t\t\t\t<p style=\"text-align: left;\"><strong>FAM FARA<br \/> Micha\u0142\u00f3w Grabina | ul. Kwiatowa 34<\/strong><\/p><p style=\"text-align: left;\"><strong>GDEL AND FRIENDS<\/strong><br \/> Warszawa | ul. \u017belazna 27<\/p><p style=\"text-align: left;\"><strong>LUMANN<\/strong><br \/> Gda\u0144sk | Aleja Grunwaldzka 14<\/p><p style=\"text-align: left;\"><strong>RZECZY SAME<\/strong><br \/> Krak\u00f3w | ul. Nadwi\u015bla\u0144ska 11<\/p><p style=\"text-align: left;\"><strong>SOLUZIONI<\/strong><br \/> Chorz\u00f3w | ul. 16 Lipca 19<\/p><p style=\"text-align: left;\"><strong>\u00a0<\/strong><\/p>\t\t\t\t\t<\/div>\n\t\t\t\t\t\t<\/div>\n\t\t\t\t<\/div>\n\t\t\t\t\t\t<\/div>\n\t\t\t\t\t<\/div>\n\t\t<\/div>\n\t\t\t\t\t\t\t\t<\/div>\n\t\t\t\t\t<\/div>\n\t\t<\/section>\n\t\t\t\t<section class=\"elementor-section elementor-top-section elementor-element elementor-element-67sm320 elementor-section-boxed elementor-section-height-default elementor-section-content-bottom elementor-section-height-default\" data-id=\"67sm320\" data-element_type=\"section\">\n\t\t\t\t\t\t<div class=\"elementor-container elementor-column-gap-default\">\n\t\t\t\t\t\t\t<div class=\"elementor-row\">\n\t\t\t\t\t<div class=\"elementor-column elementor-col-100 elementor-top-column elementor-element elementor-element-dh9fgis\" data-id=\"dh9fgis\" data-element_type=\"column\">\n\t\t\t<div class=\"elementor-column-wrap elementor-element-populated\">\n\t\t\t\t\t\t\t<div class=\"elementor-widget-wrap\">\n\t\t\t\t\t\t<div class=\"elementor-element elementor-element-bd1570w elementor-widget elementor-widget-heading\" data-id=\"bd1570w\" data-element_type=\"widget\" data-widget_type=\"heading.default\">\n\t\t\t\t<div class=\"elementor-widget-container\">\n\t\t\t<h3 class=\"elementor-heading-title elementor-size-medium\">nasz e-showroom, zainspiruj si\u0119...<\/h3>\t\t<\/div>\n\t\t\t\t<\/div>\n\t\t\t\t\t\t<\/div>\n\t\t\t\t\t<\/div>\n\t\t<\/div>\n\t\t\t\t\t\t\t\t<\/div>\n\t\t\t\t\t<\/div>\n\t\t<\/section>\n\t\t\t\t<section class=\"elementor-section elementor-top-section elementor-element elementor-element-js8dctx elementor-section-boxed elementor-section-height-default elementor-section-height-default\" data-id=\"js8dctx\" data-element_type=\"section\">\n\t\t\t\t\t\t<div class=\"elementor-container elementor-column-gap-default\">\n\t\t\t\t\t\t\t<div class=\"elementor-row\">\n\t\t\t\t\t<div class=\"elementor-column elementor-col-100 elementor-top-column elementor-element elementor-element-qj0jker\" data-id=\"qj0jker\" data-element_type=\"column\">\n\t\t\t<div class=\"elementor-column-wrap elementor-element-populated\">\n\t\t\t\t\t\t\t<div class=\"elementor-widget-wrap\">\n\t\t\t\t\t\t<div class=\"elementor-element elementor-element-t3j87es elementor-arrows-position-inside elementor-widget elementor-widget-image-carousel\" data-id=\"t3j87es\" data-element_type=\"widget\" data-settings=\"{&quot;slides_to_show&quot;:&quot;3&quot;,&quot;slides_to_scroll&quot;:&quot;1&quot;,&quot;navigation&quot;:&quot;arrows&quot;,&quot;pause_on_hover&quot;:&quot;yes&quot;,&quot;autoplay&quot;:&quot;yes&quot;,&quot;autoplay_speed&quot;:5000,&quot;infinite&quot;:&quot;yes&quot;,&quot;speed&quot;:500,&quot;image_spacing_custom&quot;:{&quot;unit&quot;:&quot;px&quot;,&quot;size&quot;:&quot;7&quot;,&quot;sizes&quot;:[]},&quot;pause_on_interaction&quot;:&quot;yes&quot;}\" data-widget_type=\"image-carousel.default\">\n\t\t\t\t<div class=\"elementor-widget-container\">\n\t\t\t\t\t<div class=\"elementor-image-carousel-wrapper swiper-container\" dir=\"ltr\">\n\t\t\t<div class=\"elementor-image-carousel swiper-wrapper\">\n\t\t\t\t\t\t\t\t<div class=\"swiper-slide\"><a data-elementor-open-lightbox=\"yes\" data-elementor-lightbox-slideshow=\"t3j87es\" data-elementor-lightbox-title=\"fam_fara_10\" e-action-hash=\"#elementor-action%3Aaction%3Dlightbox%26settings%3DeyJpZCI6MTgyLCJ1cmwiOiJodHRwczpcL1wvZmFtZmFyYS5jb20ucGxcL3dwLWNvbnRlbnRcL3VwbG9hZHNcLzIwMTZcLzEwXC9GYW1fRmFyYV8xMC5qcGciLCJzbGlkZXNob3ciOiJ0M2o4N2VzIn0%3D\" href=\"https:\/\/famfara.com.pl\/wp-content\/uploads\/2016\/10\/Fam_Fara_10.jpg\"><figure class=\"swiper-slide-inner\"><img class=\"swiper-slide-image\" src=\"https:\/\/famfara.com.pl\/wp-content\/uploads\/elementor\/thumbs\/Fam_Fara_10-n79ef6tng847z4yl5jf0vnhetid2a8s6a4ku4sx3r8.jpg\" alt=\"pok\u00f3j nastolatki\" \/><\/figure><\/a><\/div><div class=\"swiper-slide\"><a data-elementor-open-lightbox=\"yes\" data-elementor-lightbox-slideshow=\"t3j87es\" data-elementor-lightbox-title=\"fam_fara_1\" e-action-hash=\"#elementor-action%3Aaction%3Dlightbox%26settings%3DeyJpZCI6MTczLCJ1cmwiOiJodHRwczpcL1wvZmFtZmFyYS5jb20ucGxcL3dwLWNvbnRlbnRcL3VwbG9hZHNcLzIwMTZcLzEwXC9GYW1fRmFyYV8xLmpwZyIsInNsaWRlc2hvdyI6InQzajg3ZXMifQ%3D%3D\" href=\"https:\/\/famfara.com.pl\/wp-content\/uploads\/2016\/10\/Fam_Fara_1.jpg\"><figure class=\"swiper-slide-inner\"><img class=\"swiper-slide-image\" src=\"https:\/\/famfara.com.pl\/wp-content\/uploads\/elementor\/thumbs\/Fam_Fara_1-n79ef6tng847z4yl5jf0vnhetid2a8s6a4ku4sx3r8.jpg\" alt=\"pok\u00f3j dziecka\" \/><\/figure><\/a><\/div><div class=\"swiper-slide\"><a data-elementor-open-lightbox=\"yes\" data-elementor-lightbox-slideshow=\"t3j87es\" data-elementor-lightbox-title=\"fam_fara_2\" e-action-hash=\"#elementor-action%3Aaction%3Dlightbox%26settings%3DeyJpZCI6MTc0LCJ1cmwiOiJodHRwczpcL1wvZmFtZmFyYS5jb20ucGxcL3dwLWNvbnRlbnRcL3VwbG9hZHNcLzIwMTZcLzEwXC9GYW1fRmFyYV8yLmpwZyIsInNsaWRlc2hvdyI6InQzajg3ZXMifQ%3D%3D\" href=\"https:\/\/famfara.com.pl\/wp-content\/uploads\/2016\/10\/Fam_Fara_2.jpg\"><figure class=\"swiper-slide-inner\"><img class=\"swiper-slide-image\" src=\"https:\/\/famfara.com.pl\/wp-content\/uploads\/elementor\/thumbs\/Fam_Fara_2-nc430tdij6g5pdeaqp8du0o6j0pka5wnaqpsy2rhvo.jpg\" alt=\"meble wysokiej jako\u015bci\" \/><\/figure><\/a><\/div><div class=\"swiper-slide\"><a data-elementor-open-lightbox=\"yes\" data-elementor-lightbox-slideshow=\"t3j87es\" data-elementor-lightbox-title=\"fam_fara_3\" e-action-hash=\"#elementor-action%3Aaction%3Dlightbox%26settings%3DeyJpZCI6MTc1LCJ1cmwiOiJodHRwczpcL1wvZmFtZmFyYS5jb20ucGxcL3dwLWNvbnRlbnRcL3VwbG9hZHNcLzIwMTZcLzEwXC9GYW1fRmFyYV8zLmpwZyIsInNsaWRlc2hvdyI6InQzajg3ZXMifQ%3D%3D\" href=\"https:\/\/famfara.com.pl\/wp-content\/uploads\/2016\/10\/Fam_Fara_3.jpg\"><figure class=\"swiper-slide-inner\"><img class=\"swiper-slide-image\" src=\"https:\/\/famfara.com.pl\/wp-content\/uploads\/elementor\/thumbs\/Fam_Fara_3-n79ef6tng847z4yl5jf0vnhetid2a8s6a4ku4sx3r8.jpg\" alt=\"pok\u00f3j dziecka\" \/><\/figure><\/a><\/div><div class=\"swiper-slide\"><a data-elementor-open-lightbox=\"yes\" data-elementor-lightbox-slideshow=\"t3j87es\" data-elementor-lightbox-title=\"fam_fara_4\" e-action-hash=\"#elementor-action%3Aaction%3Dlightbox%26settings%3DeyJpZCI6MTc2LCJ1cmwiOiJodHRwczpcL1wvZmFtZmFyYS5jb20ucGxcL3dwLWNvbnRlbnRcL3VwbG9hZHNcLzIwMTZcLzEwXC9GYW1fRmFyYV80LmpwZyIsInNsaWRlc2hvdyI6InQzajg3ZXMifQ%3D%3D\" href=\"https:\/\/famfara.com.pl\/wp-content\/uploads\/2016\/10\/Fam_Fara_4.jpg\"><figure class=\"swiper-slide-inner\"><img class=\"swiper-slide-image\" src=\"https:\/\/famfara.com.pl\/wp-content\/uploads\/elementor\/thumbs\/Fam_Fara_4-n79ef6tng847z4yl5jf0vnhetid2a8s6a4ku4sx3r8.jpg\" alt=\"pok\u00f3j dziecka\" \/><\/figure><\/a><\/div><div class=\"swiper-slide\"><a data-elementor-open-lightbox=\"yes\" data-elementor-lightbox-slideshow=\"t3j87es\" data-elementor-lightbox-title=\"fam_fara_0211\" e-action-hash=\"#elementor-action%3Aaction%3Dlightbox%26settings%3DeyJpZCI6MjQwLCJ1cmwiOiJodHRwczpcL1wvZmFtZmFyYS5jb20ucGxcL3dwLWNvbnRlbnRcL3VwbG9hZHNcLzIwMTZcLzEwXC9GQU1fRkFSQV8wMjExLXNjYWxlZC5qcGciLCJzbGlkZXNob3ciOiJ0M2o4N2VzIn0%3D\" href=\"https:\/\/famfara.com.pl\/wp-content\/uploads\/2016\/10\/FAM_FARA_0211-scaled.jpg\"><figure class=\"swiper-slide-inner\"><img class=\"swiper-slide-image\" src=\"https:\/\/famfara.com.pl\/wp-content\/uploads\/elementor\/thumbs\/FAM_FARA_0211-scaled-plq8ux26dl4hzn1pwbcfcag1kkt00mmf6gzaqtljyc.jpg\" alt=\"meble dla dzieci\" \/><\/figure><\/a><\/div><div class=\"swiper-slide\"><a data-elementor-open-lightbox=\"yes\" data-elementor-lightbox-slideshow=\"t3j87es\" data-elementor-lightbox-title=\"fam_fara_0151\" e-action-hash=\"#elementor-action%3Aaction%3Dlightbox%26settings%3DeyJpZCI6MjM5LCJ1cmwiOiJodHRwczpcL1wvZmFtZmFyYS5jb20ucGxcL3dwLWNvbnRlbnRcL3VwbG9hZHNcLzIwMTZcLzEwXC9GQU1fRkFSQV8wMTUxLXNjYWxlZC5qcGciLCJzbGlkZXNob3ciOiJ0M2o4N2VzIn0%3D\" href=\"https:\/\/famfara.com.pl\/wp-content\/uploads\/2016\/10\/FAM_FARA_0151-scaled.jpg\"><figure class=\"swiper-slide-inner\"><img class=\"swiper-slide-image\" src=\"https:\/\/famfara.com.pl\/wp-content\/uploads\/elementor\/thumbs\/FAM_FARA_0151-scaled-plq8uyxur972muyzlc5oh9yyrcjqg0tvuqa9pdirlw.jpg\" alt=\"biuro domowe\" \/><\/figure><\/a><\/div><div class=\"swiper-slide\"><a data-elementor-open-lightbox=\"yes\" data-elementor-lightbox-slideshow=\"t3j87es\" data-elementor-lightbox-title=\"fam_fara_0092\" e-action-hash=\"#elementor-action%3Aaction%3Dlightbox%26settings%3DeyJpZCI6MjM4LCJ1cmwiOiJodHRwczpcL1wvZmFtZmFyYS5jb20ucGxcL3dwLWNvbnRlbnRcL3VwbG9hZHNcLzIwMTZcLzEwXC9GQU1fRkFSQV8wMDkyLXNjYWxlZC5qcGciLCJzbGlkZXNob3ciOiJ0M2o4N2VzIn0%3D\" href=\"https:\/\/famfara.com.pl\/wp-content\/uploads\/2016\/10\/FAM_FARA_0092-scaled.jpg\"><figure class=\"swiper-slide-inner\"><img class=\"swiper-slide-image\" src=\"https:\/\/famfara.com.pl\/wp-content\/uploads\/elementor\/thumbs\/FAM_FARA_0092-scaled-plq8v0tj4x9na2w9acyxm9hvy4agvf1cizl8nxfz9g.jpg\" alt=\"meble dla dzieci\" \/><\/figure><\/a><\/div><div class=\"swiper-slide\"><a data-elementor-open-lightbox=\"yes\" data-elementor-lightbox-slideshow=\"t3j87es\" data-elementor-lightbox-title=\"famfara_kubbiki_slajder01\" e-action-hash=\"#elementor-action%3Aaction%3Dlightbox%26settings%3DeyJpZCI6ODA2LCJ1cmwiOiJodHRwczpcL1wvZmFtZmFyYS5jb20ucGxcL3dwLWNvbnRlbnRcL3VwbG9hZHNcLzIwMTZcLzEyXC9GYW1GYXJhX2t1YmJpa2lfc2xhamRlcjAxLTMtc2NhbGVkLmpwZyIsInNsaWRlc2hvdyI6InQzajg3ZXMifQ%3D%3D\" href=\"https:\/\/famfara.com.pl\/wp-content\/uploads\/2016\/12\/FamFara_kubbiki_slajder01-3-scaled.jpg\"><figure class=\"swiper-slide-inner\"><img class=\"swiper-slide-image\" src=\"https:\/\/famfara.com.pl\/wp-content\/uploads\/elementor\/thumbs\/FamFara_kubbiki_slajder01-3-scaled-plq8mxfkaa6raynijv0l5b0zso6ol8wk2xcpw5g0uc.jpg\" alt=\"meble modu\u0142owe\" \/><\/figure><\/a><\/div><div class=\"swiper-slide\"><a data-elementor-open-lightbox=\"yes\" data-elementor-lightbox-slideshow=\"t3j87es\" data-elementor-lightbox-title=\"famfara_kubbiki_slajder04\" e-action-hash=\"#elementor-action%3Aaction%3Dlightbox%26settings%3DeyJpZCI6ODEwLCJ1cmwiOiJodHRwczpcL1wvZmFtZmFyYS5jb20ucGxcL3dwLWNvbnRlbnRcL3VwbG9hZHNcLzIwMTZcLzEyXC9GYW1GYXJhX2t1YmJpa2lfc2xhamRlcjA0LTItc2NhbGVkLmpwZyIsInNsaWRlc2hvdyI6InQzajg3ZXMifQ%3D%3D\" href=\"https:\/\/famfara.com.pl\/wp-content\/uploads\/2016\/12\/FamFara_kubbiki_slajder04-2-scaled.jpg\"><figure class=\"swiper-slide-inner\"><img class=\"swiper-slide-image\" src=\"https:\/\/famfara.com.pl\/wp-content\/uploads\/elementor\/thumbs\/FamFara_kubbiki_slajder04-2-scaled-plq8mjbzfrnggt7zu6x6lwl2vw46dscl0zkfp00xfo.jpg\" alt=\"biurko\" \/><\/figure><\/a><\/div><div class=\"swiper-slide\"><a data-elementor-open-lightbox=\"yes\" data-elementor-lightbox-slideshow=\"t3j87es\" data-elementor-lightbox-title=\"famfara_359\" e-action-hash=\"#elementor-action%3Aaction%3Dlightbox%26settings%3DeyJpZCI6MjQxLCJ1cmwiOiJodHRwczpcL1wvZmFtZmFyYS5jb20ucGxcL3dwLWNvbnRlbnRcL3VwbG9hZHNcLzIwMTZcLzEwXC9GYW1GYXJhXzM1OS5qcGciLCJzbGlkZXNob3ciOiJ0M2o4N2VzIn0%3D\" href=\"https:\/\/famfara.com.pl\/wp-content\/uploads\/2016\/10\/FamFara_359.jpg\"><figure class=\"swiper-slide-inner\"><img class=\"swiper-slide-image\" src=\"https:\/\/famfara.com.pl\/wp-content\/uploads\/elementor\/thumbs\/FamFara_359-n79ef6tng847z4yl5jf0vnhetid2a8s6a4ku4sx3r8.jpg\" alt=\"meble modu\u0142owe\" \/><\/figure><\/a><\/div><div class=\"swiper-slide\"><a data-elementor-open-lightbox=\"yes\" data-elementor-lightbox-slideshow=\"t3j87es\" data-elementor-lightbox-title=\"famfara_kubbiki_slajder03\" e-action-hash=\"#elementor-action%3Aaction%3Dlightbox%26settings%3DeyJpZCI6ODA4LCJ1cmwiOiJodHRwczpcL1wvZmFtZmFyYS5jb20ucGxcL3dwLWNvbnRlbnRcL3VwbG9hZHNcLzIwMTZcLzEyXC9GYW1GYXJhX2t1YmJpa2lfc2xhamRlcjAzLTItc2NhbGVkLmpwZyIsInNsaWRlc2hvdyI6InQzajg3ZXMifQ%3D%3D\" href=\"https:\/\/famfara.com.pl\/wp-content\/uploads\/2016\/12\/FamFara_kubbiki_slajder03-2-scaled.jpg\"><figure class=\"swiper-slide-inner\"><img class=\"swiper-slide-image\" src=\"https:\/\/famfara.com.pl\/wp-content\/uploads\/elementor\/thumbs\/FamFara_kubbiki_slajder03-2-scaled-plq8mquoyfxr1ox2ma675uormz343d6fq0sbj7ps1w.jpg\" alt=\"biurko\" \/><\/figure><\/a><\/div><div class=\"swiper-slide\"><a data-elementor-open-lightbox=\"yes\" data-elementor-lightbox-slideshow=\"t3j87es\" data-elementor-lightbox-title=\"famfara_kubbiki_slajder02\" e-action-hash=\"#elementor-action%3Aaction%3Dlightbox%26settings%3DeyJpZCI6ODA0LCJ1cmwiOiJodHRwczpcL1wvZmFtZmFyYS5jb20ucGxcL3dwLWNvbnRlbnRcL3VwbG9hZHNcLzIwMTZcLzEyXC9GYW1GYXJhX2t1YmJpa2lfc2xhamRlcjAyLTItc2NhbGVkLmpwZyIsInNsaWRlc2hvdyI6InQzajg3ZXMifQ%3D%3D\" href=\"https:\/\/famfara.com.pl\/wp-content\/uploads\/2016\/12\/FamFara_kubbiki_slajder02-2-scaled.jpg\"><figure class=\"swiper-slide-inner\"><img class=\"swiper-slide-image\" src=\"https:\/\/famfara.com.pl\/wp-content\/uploads\/elementor\/thumbs\/FamFara_kubbiki_slajder02-2-scaled-plq8n40fm4frk8dyhfuz4rd7yda934moftx49369ms.jpg\" alt=\"meble modu\u0142owe\" \/><\/figure><\/a><\/div>\t\t\t<\/div>\n\t\t\t\t\t\t\t\t\t\t\t\t\t\t\t\t<div class=\"elementor-swiper-button elementor-swiper-button-prev\">\n\t\t\t\t\t\t<i aria-hidden=\"true\" class=\"eicon-chevron-left\"><\/i>\t\t\t\t\t\t<span class=\"elementor-screen-only\">Previous<\/span>\n\t\t\t\t\t<\/div>\n\t\t\t\t\t<div class=\"elementor-swiper-button elementor-swiper-button-next\">\n\t\t\t\t\t\t<i aria-hidden=\"true\" class=\"eicon-chevron-right\"><\/i>\t\t\t\t\t\t<span class=\"elementor-screen-only\">Next<\/span>\n\t\t\t\t\t<\/div>\n\t\t\t\t\t\t\t\t\t<\/div>\n\t\t\t\t<\/div>\n\t\t\t\t<\/div>\n\t\t\t\t\t\t<\/div>\n\t\t\t\t\t<\/div>\n\t\t<\/div>\n\t\t\t\t\t\t\t\t<\/div>\n\t\t\t\t\t<\/div>\n\t\t<\/section>\n\t\t\t\t\t\t<\/div>\n\t\t\t\t\t\t<\/div>\n\t\t\t\t\t<\/div>\n\t\t","protected":false},"excerpt":{"rendered":"<p>FAM FARAMicha\u0142\u00f3w Grabina | ul. Kwiatowa 34 RZECZY SAMEKrak\u00f3w | ul. Nadwi\u015bla\u0144ska 11 \u00a0 nasz e-showroom, zainspiruj si\u0119&#8230;<\/p>\n","protected":false},"author":4,"featured_media":0,"parent":0,"menu_order":0,"comment_status":"closed","ping_status":"closed","template":"","meta":[],"acf":[],"_links":{"self":[{"href":"https:\/\/famfara.com.pl\/en\/wp-json\/wp\/v2\/pages\/1256"}],"collection":[{"href":"https:\/\/famfara.com.pl\/en\/wp-json\/wp\/v2\/pages"}],"about":[{"href":"https:\/\/famfara.com.pl\/en\/wp-json\/wp\/v2\/types\/page"}],"author":[{"embeddable":true,"href":"https:\/\/famfara.com.pl\/en\/wp-json\/wp\/v2\/users\/4"}],"replies":[{"embeddable":true,"href":"https:\/\/famfara.com.pl\/en\/wp-json\/wp\/v2\/comments?post=1256"}],"version-history":[{"count":7,"href":"https:\/\/famfara.com.pl\/en\/wp-json\/wp\/v2\/pages\/1256\/revisions"}],"predecessor-version":[{"id":2564,"href":"https:\/\/famfara.com.pl\/en\/wp-json\/wp\/v2\/pages\/1256\/revisions\/2564"}],"wp:attachment":[{"href":"https:\/\/famfara.com.pl\/en\/wp-json\/wp\/v2\/media?parent=1256"}],"curies":[{"name":"wp","href":"https:\/\/api.w.org\/{rel}","templated":true}]}}