{"id":1261,"date":"2016-09-21T11:15:46","date_gmt":"2016-09-21T11:15:46","guid":{"rendered":"https:\/\/famfara.com.pl\/?page_id=1261"},"modified":"2017-11-23T08:38:28","modified_gmt":"2017-11-23T08:38:28","slug":"strefa-architekta","status":"publish","type":"page","link":"https:\/\/famfara.com.pl\/en\/strefa-architekta\/","title":{"rendered":"strefa architekta"},"content":{"rendered":"\t\t<div data-elementor-type=\"wp-page\" data-elementor-id=\"1261\" class=\"elementor elementor-1261 elementor-8 elementor-bc-flex-widget\" data-elementor-settings=\"[]\">\n\t\t\t\t\t\t<div class=\"elementor-inner\">\n\t\t\t\t\t\t\t<div class=\"elementor-section-wrap\">\n\t\t\t\t\t\t\t<section class=\"elementor-section elementor-top-section elementor-element elementor-element-8t8ipcj elementor-section-boxed elementor-section-height-default elementor-section-height-default\" data-id=\"8t8ipcj\" data-element_type=\"section\">\n\t\t\t\t\t\t<div class=\"elementor-container elementor-column-gap-default\">\n\t\t\t\t\t\t\t<div class=\"elementor-row\">\n\t\t\t\t\t<div class=\"elementor-column elementor-col-100 elementor-top-column elementor-element elementor-element-gp9mw6z\" data-id=\"gp9mw6z\" data-element_type=\"column\">\n\t\t\t<div class=\"elementor-column-wrap elementor-element-populated\">\n\t\t\t\t\t\t\t<div class=\"elementor-widget-wrap\">\n\t\t\t\t\t\t<div class=\"elementor-element elementor-element-xgwkrta elementor-widget elementor-widget-heading\" data-id=\"xgwkrta\" data-element_type=\"widget\" data-widget_type=\"heading.default\">\n\t\t\t\t<div class=\"elementor-widget-container\">\n\t\t\t<h2 class=\"elementor-heading-title elementor-size-medium\">Strefa architekta<\/h2>\t\t<\/div>\n\t\t\t\t<\/div>\n\t\t\t\t<div class=\"elementor-element elementor-element-185dm50 elementor-widget elementor-widget-text-editor\" data-id=\"185dm50\" data-element_type=\"widget\" data-widget_type=\"text-editor.default\">\n\t\t\t\t<div class=\"elementor-widget-container\">\n\t\t\t\t\t\t\t\t<div class=\"elementor-text-editor elementor-clearfix\">\n\t\t\t\t<p>Jeste\u015b projektantem wn\u0119trz i poszukujesz nowych inspiracji i rozwi\u0105za\u0144 do swojego projektu? Z ogromn\u0105 przyjemno\u015bci\u0105 zach\u0119camy do wsp\u00f3\u0142pracy. Oferujemy pliki 2D i 3D do pobrania poni\u017cej oraz atrakcyjne warunki wsp\u00f3\u0142pracy.<\/p>\t\t\t\t\t<\/div>\n\t\t\t\t\t\t<\/div>\n\t\t\t\t<\/div>\n\t\t\t\t<div class=\"elementor-element elementor-element-wlpwi4g elementor-align-center elementor-widget elementor-widget-button\" data-id=\"wlpwi4g\" data-element_type=\"widget\" data-widget_type=\"button.default\">\n\t\t\t\t<div class=\"elementor-widget-container\">\n\t\t\t\t\t<div class=\"elementor-button-wrapper\">\n\t\t\t<a href=\"https:\/\/famfara.com.pl\/wp-content\/uploads\/2016\/11\/PLIKI-dWG.zip\" target=\"_blank\" class=\"elementor-button-link elementor-button elementor-size-sm\" role=\"button\">\n\t\t\t\t\t\t<span class=\"elementor-button-content-wrapper\">\n\t\t\t\t\t\t<span class=\"elementor-button-text\">Pobierz wszystkie<\/span>\n\t\t<\/span>\n\t\t\t\t\t<\/a>\n\t\t<\/div>\n\t\t\t\t<\/div>\n\t\t\t\t<\/div>\n\t\t\t\t\t\t<\/div>\n\t\t\t\t\t<\/div>\n\t\t<\/div>\n\t\t\t\t\t\t\t\t<\/div>\n\t\t\t\t\t<\/div>\n\t\t<\/section>\n\t\t\t\t<section class=\"elementor-section elementor-top-section elementor-element elementor-element-i2q7j6w elementor-section-full_width elementor-section-content-top elementor-section-height-default elementor-section-height-default\" data-id=\"i2q7j6w\" data-element_type=\"section\">\n\t\t\t\t\t\t<div class=\"elementor-container elementor-column-gap-narrow\">\n\t\t\t\t\t\t\t<div class=\"elementor-row\">\n\t\t\t\t\t<div class=\"elementor-column elementor-col-33 elementor-top-column elementor-element elementor-element-bo4h7av\" data-id=\"bo4h7av\" data-element_type=\"column\">\n\t\t\t<div class=\"elementor-column-wrap elementor-element-populated\">\n\t\t\t\t\t\t\t<div class=\"elementor-widget-wrap\">\n\t\t\t\t\t\t<div class=\"elementor-element elementor-element-3x8nxbr pobierz elementor-widget elementor-widget-image\" data-id=\"3x8nxbr\" data-element_type=\"widget\" data-widget_type=\"image.default\">\n\t\t\t\t<div class=\"elementor-widget-container\">\n\t\t\t\t\t\t\t\t<div class=\"elementor-image\">\n\t\t\t\t\t\t\t\t\t<figure class=\"wp-caption\">\n\t\t\t\t\t\t\t\t\t\t\t<a href=\"https:\/\/famfara.com.pl\/wp-content\/uploads\/2016\/11\/Biurko-PLIKI-dWG.zip\">\n\t\t\t\t\t\t\t<img width=\"750\" height=\"520\" src=\"https:\/\/famfara.com.pl\/wp-content\/uploads\/2016\/09\/biurka.jpg\" class=\"attachment-large size-large\" alt=\"inspiracje dla projektant\u00f3w\" loading=\"lazy\" srcset=\"https:\/\/famfara.com.pl\/wp-content\/uploads\/2016\/09\/biurka.jpg 750w, https:\/\/famfara.com.pl\/wp-content\/uploads\/2016\/09\/biurka-600x416.jpg 600w, https:\/\/famfara.com.pl\/wp-content\/uploads\/2016\/09\/biurka-360x250.jpg 360w\" sizes=\"(max-width: 750px) 100vw, 750px\" \/>\t\t\t\t\t\t\t\t<\/a>\n\t\t\t\t\t\t\t\t\t\t\t<figcaption class=\"widget-image-caption wp-caption-text\">Pobierz<\/figcaption>\n\t\t\t\t\t\t\t\t\t\t<\/figure>\n\t\t\t\t\t\t\t\t<\/div>\n\t\t\t\t\t\t<\/div>\n\t\t\t\t<\/div>\n\t\t\t\t\t\t<\/div>\n\t\t\t\t\t<\/div>\n\t\t<\/div>\n\t\t\t\t<div class=\"elementor-column elementor-col-33 elementor-top-column elementor-element elementor-element-vyj9406\" data-id=\"vyj9406\" data-element_type=\"column\">\n\t\t\t<div class=\"elementor-column-wrap elementor-element-populated\">\n\t\t\t\t\t\t\t<div class=\"elementor-widget-wrap\">\n\t\t\t\t\t\t<div class=\"elementor-element elementor-element-988qx9k pobierz elementor-widget elementor-widget-image\" data-id=\"988qx9k\" data-element_type=\"widget\" data-widget_type=\"image.default\">\n\t\t\t\t<div class=\"elementor-widget-container\">\n\t\t\t\t\t\t\t\t<div class=\"elementor-image\">\n\t\t\t\t\t\t\t\t\t<figure class=\"wp-caption\">\n\t\t\t\t\t\t\t\t\t\t\t<a href=\"https:\/\/famfara.com.pl\/wp-content\/uploads\/2016\/11\/Krzes\u0142o-du\u017ce-PLIKI-dWG.zip\" target=\"_blank\">\n\t\t\t\t\t\t\t<img width=\"750\" height=\"520\" src=\"https:\/\/famfara.com.pl\/wp-content\/uploads\/2016\/09\/krzesla.jpg\" class=\"attachment-large size-large\" alt=\"pliki 2d dla projektant\u00f3w\" loading=\"lazy\" srcset=\"https:\/\/famfara.com.pl\/wp-content\/uploads\/2016\/09\/krzesla.jpg 750w, https:\/\/famfara.com.pl\/wp-content\/uploads\/2016\/09\/krzesla-600x416.jpg 600w, https:\/\/famfara.com.pl\/wp-content\/uploads\/2016\/09\/krzesla-360x250.jpg 360w\" sizes=\"(max-width: 750px) 100vw, 750px\" \/>\t\t\t\t\t\t\t\t<\/a>\n\t\t\t\t\t\t\t\t\t\t\t<figcaption class=\"widget-image-caption wp-caption-text\">Pobierz<\/figcaption>\n\t\t\t\t\t\t\t\t\t\t<\/figure>\n\t\t\t\t\t\t\t\t<\/div>\n\t\t\t\t\t\t<\/div>\n\t\t\t\t<\/div>\n\t\t\t\t\t\t<\/div>\n\t\t\t\t\t<\/div>\n\t\t<\/div>\n\t\t\t\t<div class=\"elementor-column elementor-col-33 elementor-top-column elementor-element elementor-element-tvr8pq7\" data-id=\"tvr8pq7\" data-element_type=\"column\">\n\t\t\t<div class=\"elementor-column-wrap elementor-element-populated\">\n\t\t\t\t\t\t\t<div class=\"elementor-widget-wrap\">\n\t\t\t\t\t\t<div class=\"elementor-element elementor-element-oec5u7l pobierz elementor-widget elementor-widget-image\" data-id=\"oec5u7l\" data-element_type=\"widget\" data-widget_type=\"image.default\">\n\t\t\t\t<div class=\"elementor-widget-container\">\n\t\t\t\t\t\t\t\t<div class=\"elementor-image\">\n\t\t\t\t\t\t\t\t\t<figure class=\"wp-caption\">\n\t\t\t\t\t\t\t\t\t\t\t<a href=\"https:\/\/famfara.com.pl\/wp-content\/uploads\/2016\/11\/Szafki-KB-030_KB-031-PLIKI-dWG.zip\">\n\t\t\t\t\t\t\t<img width=\"750\" height=\"520\" src=\"https:\/\/famfara.com.pl\/wp-content\/uploads\/2016\/09\/szafy.jpg\" class=\"attachment-large size-large\" alt=\"pliki 3d dla projektant\u00f3w\" loading=\"lazy\" srcset=\"https:\/\/famfara.com.pl\/wp-content\/uploads\/2016\/09\/szafy.jpg 750w, https:\/\/famfara.com.pl\/wp-content\/uploads\/2016\/09\/szafy-600x416.jpg 600w, https:\/\/famfara.com.pl\/wp-content\/uploads\/2016\/09\/szafy-360x250.jpg 360w\" sizes=\"(max-width: 750px) 100vw, 750px\" \/>\t\t\t\t\t\t\t\t<\/a>\n\t\t\t\t\t\t\t\t\t\t\t<figcaption class=\"widget-image-caption wp-caption-text\">Pobierz<\/figcaption>\n\t\t\t\t\t\t\t\t\t\t<\/figure>\n\t\t\t\t\t\t\t\t<\/div>\n\t\t\t\t\t\t<\/div>\n\t\t\t\t<\/div>\n\t\t\t\t\t\t<\/div>\n\t\t\t\t\t<\/div>\n\t\t<\/div>\n\t\t\t\t\t\t\t\t<\/div>\n\t\t\t\t\t<\/div>\n\t\t<\/section>\n\t\t\t\t<section class=\"elementor-section elementor-top-section elementor-element elementor-element-a2ejoim elementor-section-boxed elementor-section-height-default elementor-section-height-default\" data-id=\"a2ejoim\" data-element_type=\"section\">\n\t\t\t\t\t\t<div class=\"elementor-container elementor-column-gap-narrow\">\n\t\t\t\t\t\t\t<div class=\"elementor-row\">\n\t\t\t\t\t<div class=\"elementor-column elementor-col-33 elementor-top-column elementor-element elementor-element-k5120n8\" data-id=\"k5120n8\" data-element_type=\"column\">\n\t\t\t<div class=\"elementor-column-wrap elementor-element-populated\">\n\t\t\t\t\t\t\t<div class=\"elementor-widget-wrap\">\n\t\t\t\t\t\t<div class=\"elementor-element elementor-element-bh14t7a pobierz elementor-widget elementor-widget-image\" data-id=\"bh14t7a\" data-element_type=\"widget\" data-widget_type=\"image.default\">\n\t\t\t\t<div class=\"elementor-widget-container\">\n\t\t\t\t\t\t\t\t<div class=\"elementor-image\">\n\t\t\t\t\t\t\t\t\t<figure class=\"wp-caption\">\n\t\t\t\t\t\t\t\t\t\t\t<a href=\"https:\/\/famfara.com.pl\/wp-content\/uploads\/2016\/11\/FAM_FARA_Lozko_160x70_2D_3D_DWG.zip\">\n\t\t\t\t\t\t\t<img width=\"980\" height=\"654\" src=\"https:\/\/famfara.com.pl\/wp-content\/uploads\/2016\/10\/\u0141\u00f3\u017cko-01-1024x683.jpg\" class=\"attachment-large size-large\" alt=\"\u0142\u00f3\u017cko dla dziecka\" loading=\"lazy\" srcset=\"https:\/\/famfara.com.pl\/wp-content\/uploads\/2016\/10\/\u0141\u00f3\u017cko-01-1024x683.jpg 1024w, https:\/\/famfara.com.pl\/wp-content\/uploads\/2016\/10\/\u0141\u00f3\u017cko-01-600x400.jpg 600w, https:\/\/famfara.com.pl\/wp-content\/uploads\/2016\/10\/\u0141\u00f3\u017cko-01-360x240.jpg 360w, https:\/\/famfara.com.pl\/wp-content\/uploads\/2016\/10\/\u0141\u00f3\u017cko-01-768x512.jpg 768w\" sizes=\"(max-width: 980px) 100vw, 980px\" \/>\t\t\t\t\t\t\t\t<\/a>\n\t\t\t\t\t\t\t\t\t\t\t<figcaption class=\"widget-image-caption wp-caption-text\">Pobierz<\/figcaption>\n\t\t\t\t\t\t\t\t\t\t<\/figure>\n\t\t\t\t\t\t\t\t<\/div>\n\t\t\t\t\t\t<\/div>\n\t\t\t\t<\/div>\n\t\t\t\t\t\t<\/div>\n\t\t\t\t\t<\/div>\n\t\t<\/div>\n\t\t\t\t<div class=\"elementor-column elementor-col-33 elementor-top-column elementor-element elementor-element-d1yvulq\" data-id=\"d1yvulq\" data-element_type=\"column\">\n\t\t\t<div class=\"elementor-column-wrap elementor-element-populated\">\n\t\t\t\t\t\t\t<div class=\"elementor-widget-wrap\">\n\t\t\t\t\t\t<div class=\"elementor-element elementor-element-eu647dj pobierz elementor-widget elementor-widget-image\" data-id=\"eu647dj\" data-element_type=\"widget\" data-widget_type=\"image.default\">\n\t\t\t\t<div class=\"elementor-widget-container\">\n\t\t\t\t\t\t\t\t<div class=\"elementor-image\">\n\t\t\t\t\t\t\t\t\t<figure class=\"wp-caption\">\n\t\t\t\t\t\t\t\t\t\t\t<a href=\"https:\/\/famfara.com.pl\/wp-content\/uploads\/2016\/11\/Kubbiki-PLIKI-dWG.zip\">\n\t\t\t\t\t\t\t<img width=\"980\" height=\"654\" src=\"https:\/\/famfara.com.pl\/wp-content\/uploads\/2016\/10\/KB-054-02-1024x683.jpg\" class=\"attachment-large size-large\" alt=\"meble modu\u0142owe\" loading=\"lazy\" srcset=\"https:\/\/famfara.com.pl\/wp-content\/uploads\/2016\/10\/KB-054-02-1024x683.jpg 1024w, https:\/\/famfara.com.pl\/wp-content\/uploads\/2016\/10\/KB-054-02-600x400.jpg 600w, https:\/\/famfara.com.pl\/wp-content\/uploads\/2016\/10\/KB-054-02-360x240.jpg 360w, https:\/\/famfara.com.pl\/wp-content\/uploads\/2016\/10\/KB-054-02-768x512.jpg 768w\" sizes=\"(max-width: 980px) 100vw, 980px\" \/>\t\t\t\t\t\t\t\t<\/a>\n\t\t\t\t\t\t\t\t\t\t\t<figcaption class=\"widget-image-caption wp-caption-text\">Pobierz<\/figcaption>\n\t\t\t\t\t\t\t\t\t\t<\/figure>\n\t\t\t\t\t\t\t\t<\/div>\n\t\t\t\t\t\t<\/div>\n\t\t\t\t<\/div>\n\t\t\t\t\t\t<\/div>\n\t\t\t\t\t<\/div>\n\t\t<\/div>\n\t\t\t\t<div class=\"elementor-column elementor-col-33 elementor-top-column elementor-element elementor-element-vfjneln\" data-id=\"vfjneln\" data-element_type=\"column\">\n\t\t\t<div class=\"elementor-column-wrap elementor-element-populated\">\n\t\t\t\t\t\t\t<div class=\"elementor-widget-wrap\">\n\t\t\t\t\t\t<div class=\"elementor-element elementor-element-cuibwle pobierz elementor-widget elementor-widget-image\" data-id=\"cuibwle\" data-element_type=\"widget\" data-widget_type=\"image.default\">\n\t\t\t\t<div class=\"elementor-widget-container\">\n\t\t\t\t\t\t\t\t<div class=\"elementor-image\">\n\t\t\t\t\t\t\t\t\t<figure class=\"wp-caption\">\n\t\t\t\t\t\t\t\t\t\t\t<a href=\"https:\/\/famfara.com.pl\/wp-content\/uploads\/2017\/10\/LAD_BIURKO_model3D.zip\">\n\t\t\t\t\t\t\t<img width=\"980\" height=\"654\" src=\"https:\/\/famfara.com.pl\/wp-content\/uploads\/2017\/10\/biurko_lad_plik3d-1024x683.jpg\" class=\"attachment-large size-large\" alt=\"inspiracje dla projektant\u00f3w\" loading=\"lazy\" srcset=\"https:\/\/famfara.com.pl\/wp-content\/uploads\/2017\/10\/biurko_lad_plik3d.jpg 1024w, https:\/\/famfara.com.pl\/wp-content\/uploads\/2017\/10\/biurko_lad_plik3d-600x400.jpg 600w, https:\/\/famfara.com.pl\/wp-content\/uploads\/2017\/10\/biurko_lad_plik3d-360x240.jpg 360w, https:\/\/famfara.com.pl\/wp-content\/uploads\/2017\/10\/biurko_lad_plik3d-768x512.jpg 768w\" sizes=\"(max-width: 980px) 100vw, 980px\" \/>\t\t\t\t\t\t\t\t<\/a>\n\t\t\t\t\t\t\t\t\t\t\t<figcaption class=\"widget-image-caption wp-caption-text\">Pobierz<\/figcaption>\n\t\t\t\t\t\t\t\t\t\t<\/figure>\n\t\t\t\t\t\t\t\t<\/div>\n\t\t\t\t\t\t<\/div>\n\t\t\t\t<\/div>\n\t\t\t\t\t\t<\/div>\n\t\t\t\t\t<\/div>\n\t\t<\/div>\n\t\t\t\t\t\t\t\t<\/div>\n\t\t\t\t\t<\/div>\n\t\t<\/section>\n\t\t\t\t<section class=\"elementor-section elementor-top-section elementor-element elementor-element-fe64ae4 elementor-section-boxed elementor-section-height-default elementor-section-height-default\" data-id=\"fe64ae4\" data-element_type=\"section\">\n\t\t\t\t\t\t<div class=\"elementor-container elementor-column-gap-default\">\n\t\t\t\t\t\t\t<div class=\"elementor-row\">\n\t\t\t\t\t<div class=\"elementor-column elementor-col-100 elementor-top-column elementor-element elementor-element-e4edfc9\" data-id=\"e4edfc9\" data-element_type=\"column\">\n\t\t\t<div class=\"elementor-column-wrap elementor-element-populated\">\n\t\t\t\t\t\t\t<div class=\"elementor-widget-wrap\">\n\t\t\t\t\t\t<div class=\"elementor-element elementor-element-c6d0c90 elementor-widget elementor-widget-text-editor\" data-id=\"c6d0c90\" data-element_type=\"widget\" data-widget_type=\"text-editor.default\">\n\t\t\t\t<div class=\"elementor-widget-container\">\n\t\t\t\t\t\t\t\t<div class=\"elementor-text-editor elementor-clearfix\">\n\t\t\t\t<p>Je\u015bli chcesz z nami pracowa\u0107 to ch\u0119tnie o tym z Tob\u0105 porozmawiamy. <br \/>Napisz do nas na adres <a href=\"mailto:karolina.kosinska@famfara.com.pl\">karolina.kosinska@famfara.com.pl<\/a> lub zadzwo\u0144: 602 625 995<\/p><p>To mo\u017ce by\u0107 pocz\u0105tek naprawd\u0119 fajnej wsp\u00f3\u0142pracy.<\/p>\t\t\t\t\t<\/div>\n\t\t\t\t\t\t<\/div>\n\t\t\t\t<\/div>\n\t\t\t\t\t\t<\/div>\n\t\t\t\t\t<\/div>\n\t\t<\/div>\n\t\t\t\t\t\t\t\t<\/div>\n\t\t\t\t\t<\/div>\n\t\t<\/section>\n\t\t\t\t\t\t<\/div>\n\t\t\t\t\t\t<\/div>\n\t\t\t\t\t<\/div>\n\t\t","protected":false},"excerpt":{"rendered":"<p>Strefa architekta Jeste\u015b projektantem wn\u0119trz i poszukujesz nowych inspiracji i rozwi\u0105za\u0144 do swojego projektu? Z ogromn\u0105 przyjemno\u015bci\u0105 zach\u0119camy do wsp\u00f3\u0142pracy. Oferujemy pliki 2D i 3D do pobrania poni\u017cej oraz atrakcyjne warunki wsp\u00f3\u0142pracy. Pobierz wszystkie Pobierz Pobierz Pobierz Pobierz Pobierz Pobierz Je\u015bli chcesz z nami pracowa\u0107 to ch\u0119tnie o tym z Tob\u0105 porozmawiamy. Napisz do nas [&hellip;]<\/p>\n","protected":false},"author":4,"featured_media":0,"parent":0,"menu_order":0,"comment_status":"closed","ping_status":"closed","template":"","meta":[],"acf":[],"_links":{"self":[{"href":"https:\/\/famfara.com.pl\/en\/wp-json\/wp\/v2\/pages\/1261"}],"collection":[{"href":"https:\/\/famfara.com.pl\/en\/wp-json\/wp\/v2\/pages"}],"about":[{"href":"https:\/\/famfara.com.pl\/en\/wp-json\/wp\/v2\/types\/page"}],"author":[{"embeddable":true,"href":"https:\/\/famfara.com.pl\/en\/wp-json\/wp\/v2\/users\/4"}],"replies":[{"embeddable":true,"href":"https:\/\/famfara.com.pl\/en\/wp-json\/wp\/v2\/comments?post=1261"}],"version-history":[{"count":16,"href":"https:\/\/famfara.com.pl\/en\/wp-json\/wp\/v2\/pages\/1261\/revisions"}],"predecessor-version":[{"id":1979,"href":"https:\/\/famfara.com.pl\/en\/wp-json\/wp\/v2\/pages\/1261\/revisions\/1979"}],"wp:attachment":[{"href":"https:\/\/famfara.com.pl\/en\/wp-json\/wp\/v2\/media?parent=1261"}],"curies":[{"name":"wp","href":"https:\/\/api.w.org\/{rel}","templated":true}]}}