{"id":1299,"date":"2016-11-03T07:39:38","date_gmt":"2016-11-03T07:39:38","guid":{"rendered":"https:\/\/famfara.com.pl\/?page_id=1299"},"modified":"2022-03-11T13:10:51","modified_gmt":"2022-03-11T13:10:51","slug":"zwroty-i-reklamacje","status":"publish","type":"page","link":"https:\/\/famfara.com.pl\/en\/zwroty-i-reklamacje\/","title":{"rendered":"zwroty i reklamacje"},"content":{"rendered":"\t\t<div data-elementor-type=\"wp-page\" data-elementor-id=\"1299\" class=\"elementor elementor-1299 elementor-334 elementor-bc-flex-widget\" data-elementor-settings=\"[]\">\n\t\t\t\t\t\t<div class=\"elementor-inner\">\n\t\t\t\t\t\t\t<div class=\"elementor-section-wrap\">\n\t\t\t\t\t\t\t<section class=\"elementor-section elementor-top-section elementor-element elementor-element-xrglfmi elementor-section-boxed elementor-section-height-default elementor-section-height-default\" data-id=\"xrglfmi\" data-element_type=\"section\">\n\t\t\t\t\t\t<div class=\"elementor-container elementor-column-gap-default\">\n\t\t\t\t\t\t\t<div class=\"elementor-row\">\n\t\t\t\t\t<div class=\"elementor-column elementor-col-100 elementor-top-column elementor-element elementor-element-tzndpat\" data-id=\"tzndpat\" data-element_type=\"column\">\n\t\t\t<div class=\"elementor-column-wrap elementor-element-populated\">\n\t\t\t\t\t\t\t<div class=\"elementor-widget-wrap\">\n\t\t\t\t\t\t<div class=\"elementor-element elementor-element-zzitlfd elementor-widget elementor-widget-text-editor\" data-id=\"zzitlfd\" data-element_type=\"widget\" data-widget_type=\"text-editor.default\">\n\t\t\t\t<div class=\"elementor-widget-container\">\n\t\t\t\t\t\t\t\t<div class=\"elementor-text-editor elementor-clearfix\">\n\t\t\t\t<p>Ka\u017cde towar produkowany przez nas jest produkowany indywidualnie. W odniesieniu do Towaru stanowi\u0105cego rzecz nieprefabrykowan\u0105, wyprodukowan\u0105 wed\u0142ug indywidualnej specyfikacji wskazanej przez Klienta, s\u0142u\u017c\u0105c\u0105 zaspokojeniu jego zindywidualizowanych potrzeb, zgodnie z tre\u015bci\u0105 art. 38 pkt 3 ustawy z dnia 30 maja 2014 r. o prawach konsumenta <a href=\"https:\/\/sip.legalis.pl\/document-view.seam?documentId=mfrxilrsha2tonbugu4ds\">(Dz.U. z 2014 r. poz. 827)<\/a>, Klientowi nie przys\u0142uguje prawo odst\u0105pienia od umowy, o kt\u00f3rym mowa w art. 27 powy\u017cszej ustawy.<\/p><p>Je\u017celi stwierdzisz wady w otrzymanym zam\u00f3wieniu mo\u017cesz zg\u0142osi\u0107 reklamacj\u0119. Wystarczy napisa\u0107 do nas wiadomo\u015b\u0107 e-mail na adres\u00a0<a href=\"mailto:kinga.kosinska@famfara.com.pl\">kinga.kosinska@famfara.com.pl <\/a>\u00a0zawieraj\u0105c\u0105 takie informacje jak: imi\u0119 i nazwisko Kupuj\u0105cego, nr Towaru, nazw\u0119 Towaru oraz przyczyn\u0119 reklamacji. Nast\u0119pnie prze\u015blemy Ci wiadomo\u015b\u0107 na Tw\u00f3j adres e-mail o wp\u0142yni\u0119ciu reklamacji i przewidywalnym terminie jej rozpatrzenia.<\/p>\t\t\t\t\t<\/div>\n\t\t\t\t\t\t<\/div>\n\t\t\t\t<\/div>\n\t\t\t\t\t\t<\/div>\n\t\t\t\t\t<\/div>\n\t\t<\/div>\n\t\t\t\t\t\t\t\t<\/div>\n\t\t\t\t\t<\/div>\n\t\t<\/section>\n\t\t\t\t\t\t<\/div>\n\t\t\t\t\t\t<\/div>\n\t\t\t\t\t<\/div>\n\t\t","protected":false},"excerpt":{"rendered":"<p>Ka\u017cde towar produkowany przez nas jest produkowany indywidualnie. W odniesieniu do Towaru stanowi\u0105cego rzecz nieprefabrykowan\u0105, wyprodukowan\u0105 wed\u0142ug indywidualnej specyfikacji wskazanej przez Klienta, s\u0142u\u017c\u0105c\u0105 zaspokojeniu jego zindywidualizowanych potrzeb, zgodnie z tre\u015bci\u0105 art. 38 pkt 3 ustawy z dnia 30 maja 2014 r. o prawach konsumenta (Dz.U. z 2014 r. poz. 827), Klientowi nie przys\u0142uguje prawo odst\u0105pienia [&hellip;]<\/p>\n","protected":false},"author":4,"featured_media":0,"parent":0,"menu_order":0,"comment_status":"closed","ping_status":"closed","template":"","meta":[],"acf":[],"_links":{"self":[{"href":"https:\/\/famfara.com.pl\/en\/wp-json\/wp\/v2\/pages\/1299"}],"collection":[{"href":"https:\/\/famfara.com.pl\/en\/wp-json\/wp\/v2\/pages"}],"about":[{"href":"https:\/\/famfara.com.pl\/en\/wp-json\/wp\/v2\/types\/page"}],"author":[{"embeddable":true,"href":"https:\/\/famfara.com.pl\/en\/wp-json\/wp\/v2\/users\/4"}],"replies":[{"embeddable":true,"href":"https:\/\/famfara.com.pl\/en\/wp-json\/wp\/v2\/comments?post=1299"}],"version-history":[{"count":8,"href":"https:\/\/famfara.com.pl\/en\/wp-json\/wp\/v2\/pages\/1299\/revisions"}],"predecessor-version":[{"id":2671,"href":"https:\/\/famfara.com.pl\/en\/wp-json\/wp\/v2\/pages\/1299\/revisions\/2671"}],"wp:attachment":[{"href":"https:\/\/famfara.com.pl\/en\/wp-json\/wp\/v2\/media?parent=1299"}],"curies":[{"name":"wp","href":"https:\/\/api.w.org\/{rel}","templated":true}]}}