{"id":1147,"date":"2016-10-26T21:52:41","date_gmt":"2017-04-01T07:29:45","guid":{"rendered":"https:\/\/famfara.com.pl\/?post_type=product&#038;p=1147"},"modified":"2019-07-19T13:00:55","modified_gmt":"2019-07-19T13:00:55","slug":"bed-200-cm","status":"publish","type":"product","link":"https:\/\/famfara.com.pl\/en\/product\/bed-200-cm\/","title":{"rendered":"Bed 200 cm"},"content":{"rendered":"<p>Our bed is equipped with as follows: a big drawer to store bedding, two smaller drawers for personal belongings and two small shelves for different things.<\/p>\n<p>Designed by: <a href=\"\/famfara.com.pl?page_id=1250&amp;lang=en\">Fam Fara<\/a><\/p>\n","protected":false},"excerpt":{"rendered":"<p style=\"text-align: left;\"><strong>dimensions<\/strong><br \/>\nhight: 70 cm<br \/>\nwidth: 203 cm<br \/>\ndepth: 94 cm<\/p>\n<p style=\"text-align: left;\"><strong>material<\/strong><br \/>\nleaves plywood,\u00a0 natural wax and oil finishing<\/p>\n<p style=\"text-align: left;\"><strong>Order delivery date<\/strong><br \/>\nto 6 weeks<\/p>\n<p><strong>download<\/strong><br \/>\n<a href=\"http:\/\/famfara.com.pl\/wp-content\/uploads\/2016\/11\/karta-katalogowa_FAM-FARA_\u0141\u00d3\u017bKO.pdf\" target=\"_blank\" rel=\"noopener noreferrer\">product card (PDF)<\/a><br \/>\n<a href=\"http:\/\/famfara.com.pl\/strefa-architekta\/\">for architects<\/a><\/p>\n<p style=\"text-align: left;\">[intiaro id=\"1712\" lang=\"PL\"]see 3D visualization[\/intiaro]<\/p>\n<p style=\"text-align: left;\">share: [supsystic-social-sharing id=\"1\"]<\/p>\n","protected":false},"featured_media":1334,"comment_status":"open","ping_status":"closed","template":"","meta":[],"acf":[],"_links":{"self":[{"href":"https:\/\/famfara.com.pl\/en\/wp-json\/wp\/v2\/product\/1147"}],"collection":[{"href":"https:\/\/famfara.com.pl\/en\/wp-json\/wp\/v2\/product"}],"about":[{"href":"https:\/\/famfara.com.pl\/en\/wp-json\/wp\/v2\/types\/product"}],"replies":[{"embeddable":true,"href":"https:\/\/famfara.com.pl\/en\/wp-json\/wp\/v2\/comments?post=1147"}],"wp:featuredmedia":[{"embeddable":true,"href":"https:\/\/famfara.com.pl\/en\/wp-json\/wp\/v2\/media\/1334"}],"wp:attachment":[{"href":"https:\/\/famfara.com.pl\/en\/wp-json\/wp\/v2\/media?parent=1147"}],"curies":[{"name":"wp","href":"https:\/\/api.w.org\/{rel}","templated":true}]}}